{"id":1656,"date":"2016-06-20T23:11:03","date_gmt":"2016-06-20T23:11:03","guid":{"rendered":"https:\/\/demo05.houzez.co\/?page_id=1656"},"modified":"2023-05-28T08:21:04","modified_gmt":"2023-05-28T08:21:04","slug":"about-us","status":"publish","type":"page","link":"https:\/\/pinatelproperties.com\/fr\/about-us\/","title":{"rendered":"\u00c0 propos de nous"},"content":{"rendered":"<div data-elementor-type=\"wp-post\" data-elementor-id=\"1656\" class=\"elementor elementor-1656\">\n\t\t\t\t\t\t\t\t\t<section class=\"elementor-section elementor-top-section elementor-element elementor-element-10995d7 elementor-section-boxed elementor-section-height-default elementor-section-height-default elementor-invisible\" data-id=\"10995d7\" data-element_type=\"section\" data-settings=\"{&quot;animation&quot;:&quot;fadeIn&quot;}\">\n\t\t\t\t\t\t<div class=\"elementor-container elementor-column-gap-default\">\n\t\t\t\t\t<div class=\"elementor-column elementor-col-100 elementor-top-column elementor-element elementor-element-a1e598a\" data-id=\"a1e598a\" data-element_type=\"column\">\n\t\t\t<div class=\"elementor-widget-wrap elementor-element-populated\">\n\t\t\t\t\t\t\t\t<div class=\"elementor-element elementor-element-731a2b1 animated-slow elementor-invisible elementor-widget elementor-widget-houzez_elementor_icon_box\" data-id=\"731a2b1\" data-element_type=\"widget\" data-settings=\"{&quot;_animation&quot;:&quot;fadeIn&quot;}\" data-widget_type=\"houzez_elementor_icon_box.default\">\n\t\t\t\t<div class=\"elementor-widget-container\">\n\t\t\t\n        <div class=\"text-with-icons-module module-3cols clearfix\">\n            \n                        <div class=\"text-with-icon-item text-with-icon-item-v1\">\n                            <div class=\"icon-thumb\">\n            \n                                <img loading=\"lazy\" decoding=\"async\" width=\"60\" height=\"60\" src=\"https:\/\/pinatelproperties.com\/wp-content\/uploads\/2019\/03\/people-1.png\" class=\"attachment-thumbnail size-thumbnail\" alt=\"\" \/>                            <\/div><!-- icon-thumb -->\n                            <div class=\"text-with-icon-info\">\n                                <div class=\"text-with-icon-title\">\n                                    <strong>Gestion de la propri\u00e9t\u00e9<\/strong>\n                                <\/div><!-- text-with-icon-title -->\n                                <div class=\"text-with-icon-body\">\n                                    Notre service complet de gestion immobili\u00e8re prend en charge tous les aspects : de la gestion des locataires \u00e0 l\u2019entretien, garantissant des rendements optimaux et une tranquillit\u00e9 d\u2019esprit aux propri\u00e9taires.                                <\/div><!-- text-with-icon-body -->\n                            <\/div><!-- text-with-icon-info -->\n\n                                                            <div class=\"text-with-icon-link\">\n                                <a href=\"#\"  ><\/a>\n                                <\/div>\n                            \n                        <\/div><!-- text-with-icon-item  -->\n                    \n                        <div class=\"text-with-icon-item text-with-icon-item-v1\">\n                            <div class=\"icon-thumb\">\n            \n                                <img loading=\"lazy\" decoding=\"async\" width=\"60\" height=\"60\" src=\"https:\/\/pinatelproperties.com\/wp-content\/uploads\/2019\/03\/donut-chart-1-1.png\" class=\"attachment-thumbnail size-thumbnail\" alt=\"\" \/>                            <\/div><!-- icon-thumb -->\n                            <div class=\"text-with-icon-info\">\n                                <div class=\"text-with-icon-title\">\n                                    <strong>Am\u00e9liorations des immobilisations<\/strong>\n                                <\/div><!-- text-with-icon-title -->\n                                <div class=\"text-with-icon-body\">\n                                    Les services d\u2019am\u00e9lioration des immobilisations impliquent l\u2019am\u00e9lioration et l\u2019entretien des actifs physiques. Ils englobent les mises \u00e0 niveau, les r\u00e9novations et le d\u00e9veloppement des infrastructures pour am\u00e9liorer la fonctionnalit\u00e9, l\u2019efficacit\u00e9 et la valeur globale.                                <\/div><!-- text-with-icon-body -->\n                            <\/div><!-- text-with-icon-info -->\n\n                                                            <div class=\"text-with-icon-link\">\n                                <a href=\"#\"  ><\/a>\n                                <\/div>\n                            \n                        <\/div><!-- text-with-icon-item  -->\n                    \n                        <div class=\"text-with-icon-item text-with-icon-item-v1\">\n                            <div class=\"icon-thumb\">\n            \n                                <img loading=\"lazy\" decoding=\"async\" width=\"60\" height=\"60\" src=\"https:\/\/pinatelproperties.com\/wp-content\/uploads\/2019\/03\/bar-chart-board-1.png\" class=\"attachment-thumbnail size-thumbnail\" alt=\"\" \/>                            <\/div><!-- icon-thumb -->\n                            <div class=\"text-with-icon-info\">\n                                <div class=\"text-with-icon-title\">\n                                    <strong>Gestion de portefeuille<\/strong>\n                                <\/div><!-- text-with-icon-title -->\n                                <div class=\"text-with-icon-body\">\n                                    Les services de gestion de portefeuille optimisent les investissements, en \u00e9quilibrant les risques et les rendements. Nous fournissons des conseils d\u2019experts, une diversification et une surveillance active pour aider les clients \u00e0 atteindre leurs objectifs financiers de mani\u00e8re efficace et efficiente. Contactez-nous pour en savoir plus.                                <\/div><!-- text-with-icon-body -->\n                            <\/div><!-- text-with-icon-info -->\n\n                                                            <div class=\"text-with-icon-link\">\n                                <a href=\"#\"  ><\/a>\n                                <\/div>\n                            \n                        <\/div><!-- text-with-icon-item  -->\n                    \n                        <div class=\"text-with-icon-item text-with-icon-item-v1\">\n                            <div class=\"icon-thumb\">\n            \n                                <img loading=\"lazy\" decoding=\"async\" width=\"59\" height=\"60\" src=\"https:\/\/pinatelproperties.com\/wp-content\/uploads\/2019\/03\/bar-chart-stats-up-1.png\" class=\"attachment-thumbnail size-thumbnail\" alt=\"\" \/>                            <\/div><!-- icon-thumb -->\n                            <div class=\"text-with-icon-info\">\n                                <div class=\"text-with-icon-title\">\n                                    <strong>Rapport financier<\/strong>\n                                <\/div><!-- text-with-icon-title -->\n                                <div class=\"text-with-icon-body\">\n                                    Nos services de reporting financier garantissent que chaque client qui nous confie la gestion de son appartement re\u00e7oit des rapports pr\u00e9cis et d\u00e9taill\u00e9s pr\u00e9sentant mensuellement les revenus, les d\u00e9penses et le b\u00e9n\u00e9fice net de l'appartement. Nous fournissons une ventilation compl\u00e8te, illustrant clairement les revenus g\u00e9n\u00e9r\u00e9s par l'appartement, les co\u00fbts et charges associ\u00e9s, ainsi que le montant que le client peut s'attendre \u00e0 recevoir dans sa poche. Nos rapports offrent de la transparence et permettent \u00e0 nos clients de prendre des d\u00e9cisions \u00e9clair\u00e9es.                                <\/div><!-- text-with-icon-body -->\n                            <\/div><!-- text-with-icon-info -->\n\n                                                            <div class=\"text-with-icon-link\">\n                                <a href=\"#\"  ><\/a>\n                                <\/div>\n                            \n                        <\/div><!-- text-with-icon-item  -->\n                    \n                        <div class=\"text-with-icon-item text-with-icon-item-v1\">\n                            <div class=\"icon-thumb\">\n            \n                                <img loading=\"lazy\" decoding=\"async\" width=\"60\" height=\"57\" src=\"https:\/\/pinatelproperties.com\/wp-content\/uploads\/2019\/03\/shacking-hands-1.png\" class=\"attachment-thumbnail size-thumbnail\" alt=\"\" \/>                            <\/div><!-- icon-thumb -->\n                            <div class=\"text-with-icon-info\">\n                                <div class=\"text-with-icon-title\">\n                                    <strong>Analyse de march\u00e9<\/strong>\n                                <\/div><!-- text-with-icon-title -->\n                                <div class=\"text-with-icon-body\">\n                                    Nous proposons des \u00e9tudes de march\u00e9 pr\u00e9cises aux clients int\u00e9ress\u00e9s par un investissement immobilier aux \u00c9mirats Arabes Unis (EAU). Nos recherches approfondies fournissent des informations pr\u00e9cieuses sur le march\u00e9 immobilier des \u00c9mirats arabes unis, notamment les tendances, les domaines de croissance et les opportunit\u00e9s d\u2019investissement. Nos \u00e9tudes de march\u00e9 sur mesure aident les clients \u00e0 prendre des d\u00e9cisions \u00e9clair\u00e9es, \u00e0 identifier les secteurs lucratifs et \u00e0 maximiser leurs rendements dans le paysage immobilier dynamique des \u00c9mirats.                                <\/div><!-- text-with-icon-body -->\n                            <\/div><!-- text-with-icon-info -->\n\n                                                            <div class=\"text-with-icon-link\">\n                                <a href=\"#\"  ><\/a>\n                                <\/div>\n                            \n                        <\/div><!-- text-with-icon-item  -->\n                            <\/div>\n    \t\t<\/div>\n\t\t\t\t<\/div>\n\t\t\t\t<div class=\"elementor-element elementor-element-c32c709 elementor-widget elementor-widget-houzez_elementor_space\" data-id=\"c32c709\" data-element_type=\"widget\" data-widget_type=\"houzez_elementor_space.default\">\n\t\t\t\t<div class=\"elementor-widget-container\">\n\t\t\t        <div class=\"houzez-spacer\">\n            <div class=\"houzez-spacer-inner\"><\/div>\n        <\/div>\n        \t\t<\/div>\n\t\t\t\t<\/div>\n\t\t\t\t\t<\/div>\n\t\t<\/div>\n\t\t\t\t\t\t\t<\/div>\n\t\t<\/section>\n\t\t\t\t<section class=\"elementor-section elementor-top-section elementor-element elementor-element-f5c023b elementor-section-stretched elementor-section-boxed elementor-section-height-default elementor-section-height-default elementor-invisible\" data-id=\"f5c023b\" data-element_type=\"section\" data-settings=\"{&quot;stretch_section&quot;:&quot;section-stretched&quot;,&quot;animation&quot;:&quot;fadeIn&quot;}\">\n\t\t\t\t\t\t<div class=\"elementor-container elementor-column-gap-default\">\n\t\t\t\t\t<div class=\"elementor-column elementor-col-100 elementor-top-column elementor-element elementor-element-3091428\" data-id=\"3091428\" data-element_type=\"column\">\n\t\t\t<div class=\"elementor-widget-wrap elementor-element-populated\">\n\t\t\t\t\t\t\t\t<div class=\"elementor-element elementor-element-f2034c6 animated-slow elementor-invisible elementor-widget elementor-widget-houzez_elementor_section_title\" data-id=\"f2034c6\" data-element_type=\"widget\" data-settings=\"{&quot;_animation&quot;:&quot;fadeIn&quot;}\" data-widget_type=\"houzez_elementor_section_title.default\">\n\t\t\t\t<div class=\"elementor-widget-container\">\n\t\t\t            <div class=\"houzez_section_title_wrap section-title-module\">\n                                    <h2 class=\"houzez_section_title\">Rencontrez notre \u00e9quipe\u200b<\/h2>\n                \n                            <\/div>\n            \t\t<\/div>\n\t\t\t\t<\/div>\n\t\t\t\t<div class=\"elementor-element elementor-element-7797a96 elementor-widget elementor-widget-houzez_elementor_space\" data-id=\"7797a96\" data-element_type=\"widget\" data-widget_type=\"houzez_elementor_space.default\">\n\t\t\t\t<div class=\"elementor-widget-container\">\n\t\t\t        <div class=\"houzez-spacer\">\n            <div class=\"houzez-spacer-inner\"><\/div>\n        <\/div>\n        \t\t<\/div>\n\t\t\t\t<\/div>\n\t\t\t\t\t<\/div>\n\t\t<\/div>\n\t\t\t\t\t\t\t<\/div>\n\t\t<\/section>\n\t\t\t\t<section class=\"elementor-section elementor-top-section elementor-element elementor-element-1f37752 elementor-section-stretched elementor-section-boxed elementor-section-height-default elementor-section-height-default elementor-invisible\" data-id=\"1f37752\" data-element_type=\"section\" data-settings=\"{&quot;stretch_section&quot;:&quot;section-stretched&quot;,&quot;background_background&quot;:&quot;classic&quot;,&quot;animation&quot;:&quot;fadeIn&quot;}\">\n\t\t\t\t\t\t<div class=\"elementor-container elementor-column-gap-default\">\n\t\t\t\t\t<div class=\"elementor-column elementor-col-100 elementor-top-column elementor-element elementor-element-2749fad\" data-id=\"2749fad\" data-element_type=\"column\">\n\t\t\t<div class=\"elementor-widget-wrap elementor-element-populated\">\n\t\t\t\t\t\t\t\t<div class=\"elementor-element elementor-element-556a105 elementor-widget elementor-widget-houzez_elementor_space\" data-id=\"556a105\" data-element_type=\"widget\" data-widget_type=\"houzez_elementor_space.default\">\n\t\t\t\t<div class=\"elementor-widget-container\">\n\t\t\t        <div class=\"houzez-spacer\">\n            <div class=\"houzez-spacer-inner\"><\/div>\n        <\/div>\n        \t\t<\/div>\n\t\t\t\t<\/div>\n\t\t\t\t<div class=\"elementor-element elementor-element-0b58b8d elementor-widget elementor-widget-houzez_elementor_space\" data-id=\"0b58b8d\" data-element_type=\"widget\" data-widget_type=\"houzez_elementor_space.default\">\n\t\t\t\t<div class=\"elementor-widget-container\">\n\t\t\t        <div class=\"houzez-spacer\">\n            <div class=\"houzez-spacer-inner\"><\/div>\n        <\/div>\n        \t\t<\/div>\n\t\t\t\t<\/div>\n\t\t\t\t\t<\/div>\n\t\t<\/div>\n\t\t\t\t\t\t\t<\/div>\n\t\t<\/section>\n\t\t\t\t\t\t\t<\/div>","protected":false},"excerpt":{"rendered":"<p>Property Management Our comprehensive property management service takes care of every aspect: from tenant management to maintenance, ensuring optimal returns and peace of mind for property owners. Capital Improvements Capital improvement services involve the enhancement and maintenance of physical assets. They encompass upgrades, renovations, and infrastructure developments to improve functionality, efficiency, and overall value. Portfolio [&hellip;]<\/p>","protected":false},"author":1,"featured_media":0,"parent":0,"menu_order":0,"comment_status":"closed","ping_status":"closed","template":"elementor_header_footer","meta":{"footnotes":""},"_links":{"self":[{"href":"https:\/\/pinatelproperties.com\/fr\/wp-json\/wp\/v2\/pages\/1656"}],"collection":[{"href":"https:\/\/pinatelproperties.com\/fr\/wp-json\/wp\/v2\/pages"}],"about":[{"href":"https:\/\/pinatelproperties.com\/fr\/wp-json\/wp\/v2\/types\/page"}],"author":[{"embeddable":true,"href":"https:\/\/pinatelproperties.com\/fr\/wp-json\/wp\/v2\/users\/1"}],"replies":[{"embeddable":true,"href":"https:\/\/pinatelproperties.com\/fr\/wp-json\/wp\/v2\/comments?post=1656"}],"version-history":[{"count":8,"href":"https:\/\/pinatelproperties.com\/fr\/wp-json\/wp\/v2\/pages\/1656\/revisions"}],"predecessor-version":[{"id":5347,"href":"https:\/\/pinatelproperties.com\/fr\/wp-json\/wp\/v2\/pages\/1656\/revisions\/5347"}],"wp:attachment":[{"href":"https:\/\/pinatelproperties.com\/fr\/wp-json\/wp\/v2\/media?parent=1656"}],"curies":[{"name":"wp","href":"https:\/\/api.w.org\/{rel}","templated":true}]}}